{"id":55,"date":"2026-04-16T10:09:56","date_gmt":"2026-04-16T10:09:56","guid":{"rendered":"https:\/\/catzan.marianistas.net\/?post_type=product&#038;p=55"},"modified":"2026-04-16T10:09:56","modified_gmt":"2026-04-16T10:09:56","slug":"jersey-boxy-fit-mesh-grafico","status":"publish","type":"product","link":"https:\/\/catzan.marianistas.net\/index.php\/product\/jersey-boxy-fit-mesh-grafico\/","title":{"rendered":"Jersey boxy fit mesh gr\u00e1fico"},"content":{"rendered":"<section class=\"product-compositions\">\n<div class=\"product-compositions__group\">\n<h2 id=\"aria-title-compositions\" class=\"product-compositions__title bds-typography-label-m-highlight\">Composici\u00f3n<\/h2>\n<div class=\"product-compositions__part\">\n<h3 class=\"product-compositions__part-description bds-typography-label-s-highlight\">EXTERIOR<\/h3>\n<ul class=\"product-compositions__components bds-typography-paragraph-s\">\n<li class=\"product-compositions__component\">100% algod\u00f3n<\/li>\n<\/ul>\n<\/div>\n<\/div>\n<\/section>\n<section class=\"product-cares\">\n<h2 class=\"product-cares__title bds-typography-label-m-highlight\">Cuidados<\/h2>\n<p class=\"product-cares__text bds-typography-paragraph-s\">Cuidar de tus prendas es una manera de alargar su vida \u00fatil. Sigue las instrucciones de cuidado y lava tus prendas solo cuando sea necesario. Reduciendo los lavados y los secados alargamos la vida de nuestras prendas y reducimos el consumo de agua y energ\u00eda.<\/p>\n<div class=\"product-cares__wrapper\">\n<article class=\"product-cares__care\"><img decoding=\"async\" class=\"product-cares__img\" src=\"https:\/\/static.bershka.net\/4\/static\/itxwebstandard\/images\/cares\/14.png?t=20260416081433\" alt=\"\" \/><\/p>\n<p class=\"product-cares__text bds-typography-paragraph-s\">NO USAR LEJ\u00cdA \/ BLANQUEADOR<\/p>\n<\/article>\n<article class=\"product-cares__care\"><img decoding=\"async\" class=\"product-cares__img\" src=\"https:\/\/static.bershka.net\/4\/static\/itxwebstandard\/images\/cares\/18.png?t=20260416081433\" alt=\"\" \/><\/p>\n<p class=\"product-cares__text bds-typography-paragraph-s\">PLANCHAR MAXIMO 110 \u00ba C<\/p>\n<\/article>\n<article class=\"product-cares__care\"><img decoding=\"async\" class=\"product-cares__img\" src=\"https:\/\/static.bershka.net\/4\/static\/itxwebstandard\/images\/cares\/28.png?t=20260416081433\" alt=\"\" \/><\/p>\n<p class=\"product-cares__text bds-typography-paragraph-s\">NO LIMPIEZA EN SECO<\/p>\n<\/article>\n<article class=\"product-cares__care\"><img decoding=\"async\" class=\"product-cares__img\" src=\"https:\/\/static.bershka.net\/4\/static\/itxwebstandard\/images\/cares\/35.png?t=20260416081433\" alt=\"\" \/><\/p>\n<p class=\"product-cares__text bds-typography-paragraph-s\">NO USAR SECADORA<\/p>\n<\/article>\n<\/div>\n<\/section>\n<section class=\"product-origin\">\n<h2 class=\"product-origin__title bds-typography-label-m-highlight\">Origen<\/h2>\n<p class=\"product-origin__text bds-typography-paragraph-s\">Trabajamos con nuestros proveedores para mejorar la trazabilidad de nuestra cadena de suministro y las instalaciones y los procesos que se emplean para fabricar nuestras prendas. Nos guiamos por un principio de mejora continua y colaboraci\u00f3n para salvaguardar los derechos humanos y laborales y avanzar en el bienestar de los trabajadores y sus comunidades.<\/p>\n<p class=\"product-origin__text bds-typography-paragraph-s\">Esta prenda se ha producido en los siguientes or\u00edgenes:<\/p>\n<p class=\"product-origin__text bds-typography-paragraph-s\">Hecho en Mainland China<\/p>\n<\/section>\n","protected":false},"excerpt":{"rendered":"<p>Composici\u00f3n EXTERIOR 100% algod\u00f3n Cuidados Cuidar de tus prendas es una manera de alargar su vida \u00fatil. Sigue las instrucciones [&hellip;]<\/p>\n","protected":false},"featured_media":56,"comment_status":"open","ping_status":"closed","template":"","meta":{"site-sidebar-layout":"default","site-content-layout":"","ast-site-content-layout":"default","site-content-style":"default","site-sidebar-style":"default","ast-global-header-display":"","ast-banner-title-visibility":"","ast-main-header-display":"","ast-hfb-above-header-display":"","ast-hfb-below-header-display":"","ast-hfb-mobile-header-display":"","site-post-title":"","ast-breadcrumbs-content":"","ast-featured-img":"","footer-sml-layout":"","ast-disable-related-posts":"","theme-transparent-header-meta":"","adv-header-id-meta":"","stick-header-meta":"","header-above-stick-meta":"","header-main-stick-meta":"","header-below-stick-meta":"","astra-migrate-meta-layouts":"default","ast-page-background-enabled":"default","ast-page-background-meta":{"desktop":{"background-color":"var(--ast-global-color-5)","background-image":"","background-repeat":"repeat","background-position":"center center","background-size":"auto","background-attachment":"scroll","background-type":"","background-media":"","overlay-type":"","overlay-color":"","overlay-opacity":"","overlay-gradient":""},"tablet":{"background-color":"","background-image":"","background-repeat":"repeat","background-position":"center center","background-size":"auto","background-attachment":"scroll","background-type":"","background-media":"","overlay-type":"","overlay-color":"","overlay-opacity":"","overlay-gradient":""},"mobile":{"background-color":"","background-image":"","background-repeat":"repeat","background-position":"center center","background-size":"auto","background-attachment":"scroll","background-type":"","background-media":"","overlay-type":"","overlay-color":"","overlay-opacity":"","overlay-gradient":""}},"ast-content-background-meta":{"desktop":{"background-color":"var(--ast-global-color-4)","background-image":"","background-repeat":"repeat","background-position":"center center","background-size":"auto","background-attachment":"scroll","background-type":"","background-media":"","overlay-type":"","overlay-color":"","overlay-opacity":"","overlay-gradient":""},"tablet":{"background-color":"var(--ast-global-color-4)","background-image":"","background-repeat":"repeat","background-position":"center center","background-size":"auto","background-attachment":"scroll","background-type":"","background-media":"","overlay-type":"","overlay-color":"","overlay-opacity":"","overlay-gradient":""},"mobile":{"background-color":"var(--ast-global-color-4)","background-image":"","background-repeat":"repeat","background-position":"center center","background-size":"auto","background-attachment":"scroll","background-type":"","background-media":"","overlay-type":"","overlay-color":"","overlay-opacity":"","overlay-gradient":""}}},"product_brand":[],"product_cat":[26,23],"product_tag":[34,27,28,32,33],"class_list":{"0":"post-55","1":"product","2":"type-product","3":"status-publish","4":"has-post-thumbnail","6":"product_cat-camisetas","7":"product_cat-hombre","8":"product_tag-amarillo","9":"product_tag-camiseta","10":"product_tag-hombre","11":"product_tag-jersey","12":"product_tag-verde","13":"desktop-align-left","14":"tablet-align-left","15":"mobile-align-left","17":"first","18":"instock","19":"sale","20":"shipping-taxable","21":"purchasable","22":"product-type-simple"},"_links":{"self":[{"href":"https:\/\/catzan.marianistas.net\/index.php\/wp-json\/wp\/v2\/product\/55","targetHints":{"allow":["GET"]}}],"collection":[{"href":"https:\/\/catzan.marianistas.net\/index.php\/wp-json\/wp\/v2\/product"}],"about":[{"href":"https:\/\/catzan.marianistas.net\/index.php\/wp-json\/wp\/v2\/types\/product"}],"replies":[{"embeddable":true,"href":"https:\/\/catzan.marianistas.net\/index.php\/wp-json\/wp\/v2\/comments?post=55"}],"wp:featuredmedia":[{"embeddable":true,"href":"https:\/\/catzan.marianistas.net\/index.php\/wp-json\/wp\/v2\/media\/56"}],"wp:attachment":[{"href":"https:\/\/catzan.marianistas.net\/index.php\/wp-json\/wp\/v2\/media?parent=55"}],"wp:term":[{"taxonomy":"product_brand","embeddable":true,"href":"https:\/\/catzan.marianistas.net\/index.php\/wp-json\/wp\/v2\/product_brand?post=55"},{"taxonomy":"product_cat","embeddable":true,"href":"https:\/\/catzan.marianistas.net\/index.php\/wp-json\/wp\/v2\/product_cat?post=55"},{"taxonomy":"product_tag","embeddable":true,"href":"https:\/\/catzan.marianistas.net\/index.php\/wp-json\/wp\/v2\/product_tag?post=55"}],"curies":[{"name":"wp","href":"https:\/\/api.w.org\/{rel}","templated":true}]}}