{"id":30,"date":"2026-04-09T10:20:19","date_gmt":"2026-04-09T10:20:19","guid":{"rendered":"https:\/\/catzan.marianistas.net\/?post_type=product&#038;p=30"},"modified":"2026-04-16T09:56:46","modified_gmt":"2026-04-16T09:56:46","slug":"trench-largo-cinturon","status":"publish","type":"product","link":"https:\/\/catzan.marianistas.net\/index.php\/product\/trench-largo-cinturon\/","title":{"rendered":"Trench largo cintur\u00f3n"},"content":{"rendered":"<div class=\"top-bar-desktop-template\">\n<p>&nbsp;<\/p>\n<div id=\"main-content\" class=\"\">\n<section>\n<div class=\"product-detail-layout__wrapper\">\n<div class=\"product-detail-layout\">\n<div class=\"bsk-drawer product-detail-layout__side-modal\">\n<section class=\"bsk-drawer__wrapper\" tabindex=\"0\" role=\"dialog\" aria-label=\"Composici\u00f3n, cuidados y origen\" aria-modal=\"true\" aria-hidden=\"false\" aria-expanded=\"true\">\n<div class=\"bsk-drawer__content\">\n<section class=\"about-product\">\n<section class=\"product-compositions\">\n<div class=\"product-compositions__group\">\n<h2 id=\"aria-title-compositions\" class=\"product-compositions__title bds-typography-label-m-highlight\">Composici\u00f3n<\/h2>\n<div class=\"product-compositions__part\">\n<h3 class=\"product-compositions__part-description bds-typography-label-s-highlight\">EXTERIOR<\/h3>\n<ul class=\"product-compositions__components bds-typography-paragraph-s\">\n<li class=\"product-compositions__component\">100% algod\u00f3n<\/li>\n<\/ul>\n<\/div>\n<div class=\"product-compositions__part\">\n<h3 class=\"product-compositions__part-description bds-typography-label-s-highlight\">FORRO<\/h3>\n<ul class=\"product-compositions__components bds-typography-paragraph-s\">\n<li class=\"product-compositions__component\">100% poli\u00e9ster<\/li>\n<\/ul>\n<\/div>\n<\/div>\n<div class=\"certificated-materials-composition\">\n<p class=\"certificated-materials-composition__text bds-typography-paragraph-s\">Que contiene al menos:<\/p>\n<ul class=\"certificated-materials-composition__composition\">\n<li class=\"certificated-materials-composition__part\">\n<div class=\"certificated-materials-composition__title bds-typography-label-s-highlight\">EXTERIOR<\/div>\n<div class=\"certificated-materials-composition__text bds-typography-paragraph-s\">50% ALGOD\u00d3N DE CULTIVO ORG\u00c1NICO CERTIFICADO OCS<\/div>\n<\/li>\n<li class=\"certificated-materials-composition__part\">\n<div class=\"certificated-materials-composition__title bds-typography-label-s-highlight\">FORRO<\/div>\n<div class=\"certificated-materials-composition__text bds-typography-paragraph-s\">100% POLI\u00c9STER RECICLADO CERTIFICADO RCS<\/div>\n<\/li>\n<\/ul>\n<\/div>\n<div class=\"certificated-materials-info\">\n<h3 class=\"certificated-materials-info__title bds-typography-label-s-highlight\">MATERIALES CERTIFICADOS<\/h3>\n<article class=\"certificated-materials-info__material\">\n<h4 class=\"certificated-materials-info__subtitle bds-typography-label-s\">ALGOD\u00d3N DE CULTIVO ORG\u00c1NICO CERTIFICADO OCS<\/h4>\n<p class=\"certificated-materials-info__text bds-typography-paragraph-s\">Esta fibra se produce sin utilizar fertilizantes ni pesticidas artificiales y se cultiva a partir de semillas que no han sido modificadas gen\u00e9ticamente. Actualmente trabajamos con el Organic Content Standard (OCS) que supervisa el proceso desde el origen hasta el producto final.<\/p>\n<p class=\"certificated-materials-info__text bds-typography-paragraph-s\">Certificado por Intertek 193341.<\/p>\n<p><a class=\"certificated-materials-info__link bds-typography-paragraph-s\" href=\"https:\/\/textileexchange.org\/standards\/\" target=\"_blank\" rel=\"nofollow noopener noreferrer\">M\u00c1S INFORMACI\u00d3N<\/a><\/p>\n<\/article>\n<article class=\"certificated-materials-info__material\">\n<h4 class=\"certificated-materials-info__subtitle bds-typography-label-s\">POLI\u00c9STER RECICLADO CERTIFICADO RCS<\/h4>\n<p class=\"certificated-materials-info__text bds-typography-paragraph-s\">Actualmente, el poli\u00e9ster reciclado se fabrica principalmente a partir de residuos de pl\u00e1stico PET. Se trata de un tipo de pl\u00e1stico muy utilizado en diversos art\u00edculos, como las botellas de pl\u00e1stico. El uso de materiales reciclados ayuda a limitar la producci\u00f3n de fibra de poli\u00e9ster virgen. Est\u00e1 certificado seg\u00fan el Recycled Claim Standard (RCS), que verifica el contenido reciclado y hace un seguimiento desde el origen hasta el producto final.<\/p>\n<p class=\"certificated-materials-info__text bds-typography-paragraph-s\">Certificado por Intertek 193341.<\/p>\n<p><a class=\"certificated-materials-info__link bds-typography-paragraph-s\" href=\"https:\/\/textileexchange.org\/standards\/\" target=\"_blank\" rel=\"nofollow noopener noreferrer\">M\u00c1S INFORMACI\u00d3N<\/a><\/p>\n<\/article>\n<\/div>\n<\/section>\n<section class=\"product-cares\">\n<h2 class=\"product-cares__title bds-typography-label-m-highlight\">Cuidados<\/h2>\n<p class=\"product-cares__text bds-typography-paragraph-s\">Cuidar de tus prendas es una manera de alargar su vida \u00fatil. Sigue las instrucciones de cuidado y lava tus prendas solo cuando sea necesario. Reduciendo los lavados y los secados alargamos la vida de nuestras prendas y reducimos el consumo de agua y energ\u00eda.<\/p>\n<div class=\"product-cares__wrapper\">\n<article class=\"product-cares__care\"><img decoding=\"async\" class=\"product-cares__img\" src=\"https:\/\/static.bershka.net\/4\/static\/itxwebstandard\/images\/cares\/7.png?t=20260409015203\" alt=\"\" \/><\/p>\n<p class=\"product-cares__text bds-typography-paragraph-s\">LAVAR A MAQUINA MAX. 30\u00baC. CENTRIFUGADO CORTO<\/p>\n<\/article>\n<article class=\"product-cares__care\"><img decoding=\"async\" class=\"product-cares__img\" src=\"https:\/\/static.bershka.net\/4\/static\/itxwebstandard\/images\/cares\/14.png?t=20260409015203\" alt=\"\" \/><\/p>\n<p class=\"product-cares__text bds-typography-paragraph-s\">NO USAR LEJ\u00cdA \/ BLANQUEADOR<\/p>\n<\/article>\n<article class=\"product-cares__care\"><img decoding=\"async\" class=\"product-cares__img\" src=\"https:\/\/static.bershka.net\/4\/static\/itxwebstandard\/images\/cares\/18.png?t=20260409015203\" alt=\"\" \/><\/p>\n<p class=\"product-cares__text bds-typography-paragraph-s\">PLANCHAR MAXIMO 110 \u00ba C<\/p>\n<\/article>\n<article class=\"product-cares__care\"><img decoding=\"async\" class=\"product-cares__img\" src=\"https:\/\/static.bershka.net\/4\/static\/itxwebstandard\/images\/cares\/35.png?t=20260409015203\" alt=\"\" \/><\/p>\n<p class=\"product-cares__text bds-typography-paragraph-s\">NO USAR SECADORA<\/p>\n<\/article>\n<article class=\"product-cares__care\"><img decoding=\"async\" class=\"product-cares__img\" src=\"https:\/\/static.bershka.net\/4\/static\/itxwebstandard\/images\/cares\/125.png?t=20260409015203\" alt=\"\" \/><\/p>\n<p class=\"product-cares__text bds-typography-paragraph-s\">LIMPIEZA EN SECO TETRACLOROETILENO<\/p>\n<\/article>\n<\/div>\n<\/section>\n<section class=\"product-origin\">\n<h2 class=\"product-origin__title bds-typography-label-m-highlight\">Origen<\/h2>\n<p class=\"product-origin__text bds-typography-paragraph-s\">Trabajamos con nuestros proveedores para mejorar la trazabilidad de nuestra cadena de suministro y las instalaciones y los procesos que se emplean para fabricar nuestras prendas. Nos guiamos por un principio de mejora continua y colaboraci\u00f3n para salvaguardar los derechos humanos y laborales y avanzar en el bienestar de los trabajadores y sus comunidades.<\/p>\n<p class=\"product-origin__text bds-typography-paragraph-s\">Esta prenda se ha producido en los siguientes or\u00edgenes:<\/p>\n<p class=\"product-origin__text bds-typography-paragraph-s\">Hecho en Bangladesh<\/p>\n<\/section>\n<\/section>\n<\/div>\n<\/section>\n<\/div>\n<\/div>\n<\/div>\n<\/section>\n<\/div>\n<p>&nbsp;<\/p>\n<\/div>\n","protected":false},"excerpt":{"rendered":"<p>&nbsp; Composici\u00f3n EXTERIOR 100% algod\u00f3n FORRO 100% poli\u00e9ster Que contiene al menos: EXTERIOR 50% ALGOD\u00d3N DE CULTIVO ORG\u00c1NICO CERTIFICADO OCS [&hellip;]<\/p>\n","protected":false},"featured_media":33,"comment_status":"open","ping_status":"closed","template":"","meta":{"site-sidebar-layout":"default","site-content-layout":"","ast-site-content-layout":"default","site-content-style":"default","site-sidebar-style":"default","ast-global-header-display":"","ast-banner-title-visibility":"","ast-main-header-display":"","ast-hfb-above-header-display":"","ast-hfb-below-header-display":"","ast-hfb-mobile-header-display":"","site-post-title":"","ast-breadcrumbs-content":"","ast-featured-img":"","footer-sml-layout":"","ast-disable-related-posts":"","theme-transparent-header-meta":"","adv-header-id-meta":"","stick-header-meta":"","header-above-stick-meta":"","header-main-stick-meta":"","header-below-stick-meta":"","astra-migrate-meta-layouts":"default","ast-page-background-enabled":"default","ast-page-background-meta":{"desktop":{"background-color":"var(--ast-global-color-5)","background-image":"","background-repeat":"repeat","background-position":"center center","background-size":"auto","background-attachment":"scroll","background-type":"","background-media":"","overlay-type":"","overlay-color":"","overlay-opacity":"","overlay-gradient":""},"tablet":{"background-color":"","background-image":"","background-repeat":"repeat","background-position":"center center","background-size":"auto","background-attachment":"scroll","background-type":"","background-media":"","overlay-type":"","overlay-color":"","overlay-opacity":"","overlay-gradient":""},"mobile":{"background-color":"","background-image":"","background-repeat":"repeat","background-position":"center center","background-size":"auto","background-attachment":"scroll","background-type":"","background-media":"","overlay-type":"","overlay-color":"","overlay-opacity":"","overlay-gradient":""}},"ast-content-background-meta":{"desktop":{"background-color":"var(--ast-global-color-4)","background-image":"","background-repeat":"repeat","background-position":"center center","background-size":"auto","background-attachment":"scroll","background-type":"","background-media":"","overlay-type":"","overlay-color":"","overlay-opacity":"","overlay-gradient":""},"tablet":{"background-color":"var(--ast-global-color-4)","background-image":"","background-repeat":"repeat","background-position":"center center","background-size":"auto","background-attachment":"scroll","background-type":"","background-media":"","overlay-type":"","overlay-color":"","overlay-opacity":"","overlay-gradient":""},"mobile":{"background-color":"var(--ast-global-color-4)","background-image":"","background-repeat":"repeat","background-position":"center center","background-size":"auto","background-attachment":"scroll","background-type":"","background-media":"","overlay-type":"","overlay-color":"","overlay-opacity":"","overlay-gradient":""}}},"product_brand":[],"product_cat":[25,17],"product_tag":[21,20],"class_list":{"0":"post-30","1":"product","2":"type-product","3":"status-publish","4":"has-post-thumbnail","6":"product_cat-chaquetas","7":"product_cat-mujer","8":"product_tag-largo","9":"product_tag-trench","10":"desktop-align-left","11":"tablet-align-left","12":"mobile-align-left","14":"first","15":"instock","16":"sale","17":"shipping-taxable","18":"purchasable","19":"product-type-simple"},"_links":{"self":[{"href":"https:\/\/catzan.marianistas.net\/index.php\/wp-json\/wp\/v2\/product\/30","targetHints":{"allow":["GET"]}}],"collection":[{"href":"https:\/\/catzan.marianistas.net\/index.php\/wp-json\/wp\/v2\/product"}],"about":[{"href":"https:\/\/catzan.marianistas.net\/index.php\/wp-json\/wp\/v2\/types\/product"}],"replies":[{"embeddable":true,"href":"https:\/\/catzan.marianistas.net\/index.php\/wp-json\/wp\/v2\/comments?post=30"}],"wp:featuredmedia":[{"embeddable":true,"href":"https:\/\/catzan.marianistas.net\/index.php\/wp-json\/wp\/v2\/media\/33"}],"wp:attachment":[{"href":"https:\/\/catzan.marianistas.net\/index.php\/wp-json\/wp\/v2\/media?parent=30"}],"wp:term":[{"taxonomy":"product_brand","embeddable":true,"href":"https:\/\/catzan.marianistas.net\/index.php\/wp-json\/wp\/v2\/product_brand?post=30"},{"taxonomy":"product_cat","embeddable":true,"href":"https:\/\/catzan.marianistas.net\/index.php\/wp-json\/wp\/v2\/product_cat?post=30"},{"taxonomy":"product_tag","embeddable":true,"href":"https:\/\/catzan.marianistas.net\/index.php\/wp-json\/wp\/v2\/product_tag?post=30"}],"curies":[{"name":"wp","href":"https:\/\/api.w.org\/{rel}","templated":true}]}}