{"id":24,"date":"2026-04-09T10:02:39","date_gmt":"2026-04-09T10:02:39","guid":{"rendered":"https:\/\/catzan.marianistas.net\/?post_type=product&#038;p=24"},"modified":"2026-04-16T09:56:22","modified_gmt":"2026-04-16T09:56:22","slug":"cazadora-efecto-piel-solapas","status":"publish","type":"product","link":"https:\/\/catzan.marianistas.net\/index.php\/product\/cazadora-efecto-piel-solapas\/","title":{"rendered":"Cazadora efecto piel solapas"},"content":{"rendered":"<section class=\"product-compositions\">\n<div class=\"product-compositions__group\">\n<h2 id=\"aria-title-compositions\" class=\"product-compositions__title bds-typography-label-m-highlight\">Composici\u00f3n<\/h2>\n<div class=\"product-compositions__part\">\n<h3 class=\"product-compositions__part-description bds-typography-label-s-highlight\">EXTERIOR<\/h3>\n<ul class=\"product-compositions__components bds-typography-paragraph-s\">\n<li class=\"product-compositions__component\">70% poliuretano<\/li>\n<li class=\"product-compositions__component\">30% viscosa<\/li>\n<\/ul>\n<\/div>\n<div class=\"product-compositions__part\">\n<h3 class=\"product-compositions__part-description bds-typography-label-s-highlight\">FORRO<\/h3>\n<ul class=\"product-compositions__components bds-typography-paragraph-s\">\n<li class=\"product-compositions__component\">100% poli\u00e9ster<\/li>\n<\/ul>\n<\/div>\n<\/div>\n<div class=\"certificated-materials-composition\">\n<p class=\"certificated-materials-composition__text bds-typography-paragraph-s\">Que contiene al menos:<\/p>\n<ul class=\"certificated-materials-composition__composition\">\n<li class=\"certificated-materials-composition__part\">\n<div class=\"certificated-materials-composition__title bds-typography-label-s-highlight\">FORRO<\/div>\n<div class=\"certificated-materials-composition__text bds-typography-paragraph-s\">100% POLI\u00c9STER RECICLADO CERTIFICADO RCS<\/div>\n<\/li>\n<\/ul>\n<\/div>\n<div class=\"certificated-materials-info\">\n<h3 class=\"certificated-materials-info__title bds-typography-label-s-highlight\">MATERIALES CERTIFICADOS<\/h3>\n<article class=\"certificated-materials-info__material\">\n<h4 class=\"certificated-materials-info__subtitle bds-typography-label-s\">POLI\u00c9STER RECICLADO CERTIFICADO RCS<\/h4>\n<p class=\"certificated-materials-info__text bds-typography-paragraph-s\">Actualmente, el poli\u00e9ster reciclado se fabrica principalmente a partir de residuos de pl\u00e1stico PET. Se trata de un tipo de pl\u00e1stico muy utilizado en diversos art\u00edculos, como las botellas de pl\u00e1stico. El uso de materiales reciclados ayuda a limitar la producci\u00f3n de fibra de poli\u00e9ster virgen. Est\u00e1 certificado seg\u00fan el Recycled Claim Standard (RCS), que verifica el contenido reciclado y hace un seguimiento desde el origen hasta el producto final.<\/p>\n<p class=\"certificated-materials-info__text bds-typography-paragraph-s\">Certificado por Intertek 193341.<\/p>\n<p><a class=\"certificated-materials-info__link bds-typography-paragraph-s\" href=\"https:\/\/textileexchange.org\/standards\/\" target=\"_blank\" rel=\"nofollow noopener noreferrer\">M\u00c1S INFORMACI\u00d3N<\/a><\/p>\n<\/article>\n<\/div>\n<\/section>\n<section class=\"product-cares\">\n<h2 class=\"product-cares__title bds-typography-label-m-highlight\">Cuidados<\/h2>\n<p class=\"product-cares__text bds-typography-paragraph-s\">Cuidar de tus prendas es una manera de alargar su vida \u00fatil. Sigue las instrucciones de cuidado y lava tus prendas solo cuando sea necesario. Reduciendo los lavados y los secados alargamos la vida de nuestras prendas y reducimos el consumo de agua y energ\u00eda.<\/p>\n<div class=\"product-cares__wrapper\">\n<article class=\"product-cares__care\"><img decoding=\"async\" class=\"product-cares__img\" src=\"https:\/\/static.bershka.net\/4\/static\/itxwebstandard\/images\/cares\/14.png?t=20260409015203\" alt=\"\" \/><\/p>\n<p class=\"product-cares__text bds-typography-paragraph-s\">NO USAR LEJ\u00cdA \/ BLANQUEADOR<\/p>\n<\/article>\n<article class=\"product-cares__care\"><img decoding=\"async\" class=\"product-cares__img\" src=\"https:\/\/static.bershka.net\/4\/static\/itxwebstandard\/images\/cares\/18.png?t=20260409015203\" alt=\"\" \/><\/p>\n<p class=\"product-cares__text bds-typography-paragraph-s\">PLANCHAR MAXIMO 110 \u00ba C<\/p>\n<\/article>\n<article class=\"product-cares__care\"><img decoding=\"async\" class=\"product-cares__img\" src=\"https:\/\/static.bershka.net\/4\/static\/itxwebstandard\/images\/cares\/35.png?t=20260409015203\" alt=\"\" \/><\/p>\n<p class=\"product-cares__text bds-typography-paragraph-s\">NO USAR SECADORA<\/p>\n<\/article>\n<article class=\"product-cares__care\"><img decoding=\"async\" class=\"product-cares__img\" src=\"https:\/\/static.bershka.net\/4\/static\/itxwebstandard\/images\/cares\/125.png?t=20260409015203\" alt=\"\" \/><\/p>\n<p class=\"product-cares__text bds-typography-paragraph-s\">LIMPIEZA EN SECO TETRACLOROETILENO<\/p>\n<\/article>\n<\/div>\n<\/section>\n<section class=\"product-origin\">\n<h2 class=\"product-origin__title bds-typography-label-m-highlight\">Origen<\/h2>\n<p class=\"product-origin__text bds-typography-paragraph-s\">Trabajamos con nuestros proveedores para mejorar la trazabilidad de nuestra cadena de suministro y las instalaciones y los procesos que se emplean para fabricar nuestras prendas. Nos guiamos por un principio de mejora continua y colaboraci\u00f3n para salvaguardar los derechos humanos y laborales y avanzar en el bienestar de los trabajadores y sus comunidades.<\/p>\n<p class=\"product-origin__text bds-typography-paragraph-s\">Esta prenda se ha producido en los siguientes or\u00edgenes:<\/p>\n<p class=\"product-origin__text bds-typography-paragraph-s\">Hecho en Bangladesh<\/p>\n<\/section>\n","protected":false},"excerpt":{"rendered":"<p>Composici\u00f3n EXTERIOR 70% poliuretano 30% viscosa FORRO 100% poli\u00e9ster Que contiene al menos: FORRO 100% POLI\u00c9STER RECICLADO CERTIFICADO RCS MATERIALES [&hellip;]<\/p>\n","protected":false},"featured_media":27,"comment_status":"open","ping_status":"closed","template":"","meta":{"site-sidebar-layout":"default","site-content-layout":"","ast-site-content-layout":"default","site-content-style":"default","site-sidebar-style":"default","ast-global-header-display":"","ast-banner-title-visibility":"","ast-main-header-display":"","ast-hfb-above-header-display":"","ast-hfb-below-header-display":"","ast-hfb-mobile-header-display":"","site-post-title":"","ast-breadcrumbs-content":"","ast-featured-img":"","footer-sml-layout":"","ast-disable-related-posts":"","theme-transparent-header-meta":"","adv-header-id-meta":"","stick-header-meta":"","header-above-stick-meta":"","header-main-stick-meta":"","header-below-stick-meta":"","astra-migrate-meta-layouts":"default","ast-page-background-enabled":"default","ast-page-background-meta":{"desktop":{"background-color":"var(--ast-global-color-5)","background-image":"","background-repeat":"repeat","background-position":"center center","background-size":"auto","background-attachment":"scroll","background-type":"","background-media":"","overlay-type":"","overlay-color":"","overlay-opacity":"","overlay-gradient":""},"tablet":{"background-color":"","background-image":"","background-repeat":"repeat","background-position":"center center","background-size":"auto","background-attachment":"scroll","background-type":"","background-media":"","overlay-type":"","overlay-color":"","overlay-opacity":"","overlay-gradient":""},"mobile":{"background-color":"","background-image":"","background-repeat":"repeat","background-position":"center center","background-size":"auto","background-attachment":"scroll","background-type":"","background-media":"","overlay-type":"","overlay-color":"","overlay-opacity":"","overlay-gradient":""}},"ast-content-background-meta":{"desktop":{"background-color":"var(--ast-global-color-4)","background-image":"","background-repeat":"repeat","background-position":"center center","background-size":"auto","background-attachment":"scroll","background-type":"","background-media":"","overlay-type":"","overlay-color":"","overlay-opacity":"","overlay-gradient":""},"tablet":{"background-color":"var(--ast-global-color-4)","background-image":"","background-repeat":"repeat","background-position":"center center","background-size":"auto","background-attachment":"scroll","background-type":"","background-media":"","overlay-type":"","overlay-color":"","overlay-opacity":"","overlay-gradient":""},"mobile":{"background-color":"var(--ast-global-color-4)","background-image":"","background-repeat":"repeat","background-position":"center center","background-size":"auto","background-attachment":"scroll","background-type":"","background-media":"","overlay-type":"","overlay-color":"","overlay-opacity":"","overlay-gradient":""}}},"product_brand":[],"product_cat":[25,17],"product_tag":[18,19],"class_list":{"0":"post-24","1":"product","2":"type-product","3":"status-publish","4":"has-post-thumbnail","6":"product_cat-chaquetas","7":"product_cat-mujer","8":"product_tag-cazadora","9":"product_tag-piel","10":"desktop-align-left","11":"tablet-align-left","12":"mobile-align-left","14":"first","15":"instock","16":"sale","17":"shipping-taxable","18":"purchasable","19":"product-type-simple"},"_links":{"self":[{"href":"https:\/\/catzan.marianistas.net\/index.php\/wp-json\/wp\/v2\/product\/24","targetHints":{"allow":["GET"]}}],"collection":[{"href":"https:\/\/catzan.marianistas.net\/index.php\/wp-json\/wp\/v2\/product"}],"about":[{"href":"https:\/\/catzan.marianistas.net\/index.php\/wp-json\/wp\/v2\/types\/product"}],"replies":[{"embeddable":true,"href":"https:\/\/catzan.marianistas.net\/index.php\/wp-json\/wp\/v2\/comments?post=24"}],"wp:featuredmedia":[{"embeddable":true,"href":"https:\/\/catzan.marianistas.net\/index.php\/wp-json\/wp\/v2\/media\/27"}],"wp:attachment":[{"href":"https:\/\/catzan.marianistas.net\/index.php\/wp-json\/wp\/v2\/media?parent=24"}],"wp:term":[{"taxonomy":"product_brand","embeddable":true,"href":"https:\/\/catzan.marianistas.net\/index.php\/wp-json\/wp\/v2\/product_brand?post=24"},{"taxonomy":"product_cat","embeddable":true,"href":"https:\/\/catzan.marianistas.net\/index.php\/wp-json\/wp\/v2\/product_cat?post=24"},{"taxonomy":"product_tag","embeddable":true,"href":"https:\/\/catzan.marianistas.net\/index.php\/wp-json\/wp\/v2\/product_tag?post=24"}],"curies":[{"name":"wp","href":"https:\/\/api.w.org\/{rel}","templated":true}]}}